{"id":2,"date":"2015-07-12T20:20:07","date_gmt":"2015-07-12T17:20:07","guid":{"rendered":"http:\/\/www.koldodidofek.org.il\/es\/?page_id=2"},"modified":"2016-04-12T15:35:18","modified_gmt":"2016-04-12T12:35:18","slug":"sobre-nosotros","status":"publish","type":"page","link":"https:\/\/www.koldodidofek.org.il\/es\/sobre-nosotros\/","title":{"rendered":"Sobre Nosotros"},"content":{"rendered":"<p>Las actividades de la Org. &#8220;Kol Dodi Dofek&#8221; fueron creadas con el objetivo de responder a las necesidades de ciertas familias en critica situacion economica,familias numerosas clamando por ayuda para obtener &#8220;Canasta Familiar&#8221; basada en alimentos basicos e indispensables de subsistencia.<br \/>\nEn sus primeros anios,la Org. respondio a las necesidades de pocas familias pobres y sin recursos,especialmente a las residentes en el barrio cercano a la Organizacion,repartiendo alimentos basicos y necesarios.Con el tiempo,lamentablemente por la situacion del Pais, la cantidad de necesitados y peticiones fue creciendo.<br \/>\nAvshalom Zeev,Presidente de la Organizacion cuenta:&#8230;. \u201cTodo comenzo cuando me mude con mi familia a vivir en la ciudad de Rosh Haayn, empece a recibir pedidos de ayuda para familias sin poder adquisitivo. Siendo una persona especialmente sensible al tema, respond\u00ed al desaf\u00edo y lentamente empec\u00e9 a reclutar donantes. Cont\u00e9 con la asistencia y caridad de otras personas de buen coraz\u00f3n que se unieron a este desafio: Familiares cercanos,vecinos ,Amigos y con el tiempo y la dispercion de la actividad se unieron grandes comerciantes y empresarios de alto poder adquisitivo,que tambien con su sencibilidad se sintieron afectados por ver tanta pobreza. Nos asombro la respuesta de interes y caridad y la gran disposici\u00f3n por parte de todos y eso nos dio mucha fuerza para continuar y crecer!!!&#8221;<br \/>\nCon el correr del tiempo gracias a D-ios reclutamos donantes,gente comun que ve a igual que nosotros la importancia de ayudar y dar al necesitado y asi hemos logrado mantener y ampliar nuestras actividades de Beneficiencia<br \/>\n<strong>&#8220;El pueblo de Israel misericordioso&#8221;<\/strong><strong>Los valores de caridad se encuentran dentro de cada Judio y es conmovedor ver de tan cerca la responsabilidad mutua que se encuentra entre nosotros.<\/strong><br \/>\nEn el 2002 la actividad se expandio y eso nos dio la posibilidad y la obligaciion de establecer en forma Oficial,Juridica y Legitima, la ONG &#8220;Kol Dodi Dofek&#8221;,funcionando a toda maquina dando asistencia en amplios rubros, cubriendo la ayuda a dichas familias pobres brindando sus clamaciones y necesidades.<br \/>\nHoy en dia se da apoyo a mas de\u00a0350 familias en forma estable y semanal y en las epocas de fiestas damos tambien el apoyo al crecimiento de necesitados de nuevas familias.<br \/>\nLa ONG ha ampliado el circulo de ayuda de beneficiencia, esto significa que cualquier habitante necesitado sin excepcion,recibe nuestro apoyo.Nuestras puertas estan abiertas para ayudar a quien lo requiera y nesecite.<br \/>\nLas actividades de beneficiencia que lleva a cabo la Organizacion son sin retribucion y sin fines de lucro y el dinero recaudado de las donaciones,se destuna en su totalidad a los necesitados.Es por ello que la Org.Kol Dodi trabaja en forma directa sin empleados remunerados,sin vehiculos,sin oficinas&#8230;..La Orgaizacion cree que todo este tipo de gastos son innesesarios y que no benefician ni contribuyen para progresar la ideologia e ideas de trabajo de la ayuda mutua y que cada centavo este designado a la ayuda del progimo.<\/p>\n<p><strong>Palabras de agradecimiento del Presidende de la ONG Sr Avshalom Zeev<br \/>\n<\/strong><br \/>\n&#8220;No puedo concuir sin alabar y agradecer antes que nada al CREADOR que me dio el privilegio de trabajar en esta labor de caridad ; a mi esposa y a mis hijos que me ayudan a lo largo de todos estos anios; a los voluntarios y por supuesto a los Donantes que son muchos y muy buenos,cada uno de ellos se dedica y ayuda a su modo y de acuerdo a sus posibilidades y que sin ellos esta obra de caridad no podria llevarse acabo.<br \/>\n<strong>&#8220;Les retribuya D-ios miles de veces su aporte y que siempre se hallen en el lado de quienes otorgan,y no de quienes reciben&#8221;<\/strong><\/p>\n","protected":false},"excerpt":{"rendered":"<p>Las actividades de la Org. &#8220;Kol Dodi Dofek&#8221; fueron creadas con el objetivo de responder a las necesidades de ciertas familias en critica situacion economica,familias numerosas clamando por ayuda para obtener &#8220;Canasta Familiar&#8221; basada en alimentos basicos e indispensables de subsistencia. En sus primeros anios,la Org. respondio a las necesidades de pocas familias pobres y<\/p>\n","protected":false},"author":1,"featured_media":0,"parent":0,"menu_order":0,"comment_status":"closed","ping_status":"closed","template":"fullwidth.php","meta":{"footnotes":""},"yoast_head":"<!-- This site is optimized with the Yoast SEO plugin v14.6 - https:\/\/yoast.com\/wordpress\/plugins\/seo\/ -->\n<title>Sobre Nosotros - ONG KOL DODI DOFEK<\/title>\n<meta name=\"robots\" content=\"index, follow\" \/>\n<meta name=\"googlebot\" content=\"index, follow, max-snippet:-1, max-image-preview:large, max-video-preview:-1\" \/>\n<meta name=\"bingbot\" content=\"index, follow, max-snippet:-1, max-image-preview:large, max-video-preview:-1\" \/>\n<link rel=\"canonical\" href=\"https:\/\/www.koldodidofek.org.il\/es\/sobre-nosotros\/\" \/>\n<meta property=\"og:locale\" content=\"es_ES\" \/>\n<meta property=\"og:type\" content=\"article\" \/>\n<meta property=\"og:title\" content=\"Sobre Nosotros\" \/>\n<meta property=\"og:description\" content=\"Las actividades de la Org. &#8220;Kol Dodi Dofek&#8221; fueron creadas con el objetivo de responder a las necesidades de ciertas familias en critica situacion economica,familias numerosas clamando por ayuda para obtener &#8220;Canasta Familiar&#8221; basada en alimentos basicos e indispensables de subsistencia. En sus primeros anios,la Org. respondio a las necesidades de pocas familias pobres y\" \/>\n<meta property=\"og:url\" content=\"https:\/\/www.koldodidofek.org.il\/es\/sobre-nosotros\/\" \/>\n<meta property=\"og:site_name\" content=\"ONG KOL DODI DOFEK\" \/>\n<meta property=\"article:modified_time\" content=\"2016-04-12T12:35:18+00:00\" \/>\n<meta name=\"twitter:card\" content=\"summary_large_image\" \/>\n<script type=\"application\/ld+json\" class=\"yoast-schema-graph\">{\"@context\":\"https:\/\/schema.org\",\"@graph\":[{\"@type\":\"WebSite\",\"@id\":\"https:\/\/www.koldodidofek.org.il\/es\/#website\",\"url\":\"https:\/\/www.koldodidofek.org.il\/es\/\",\"name\":\"ONG KOL DODI DOFEK\",\"description\":\"Organizaci\\u00f3n sin fines de lucro\",\"potentialAction\":[{\"@type\":\"SearchAction\",\"target\":\"https:\/\/www.koldodidofek.org.il\/es\/?s={search_term_string}\",\"query-input\":\"required name=search_term_string\"}],\"inLanguage\":\"es\"},{\"@type\":\"WebPage\",\"@id\":\"https:\/\/www.koldodidofek.org.il\/es\/sobre-nosotros\/#webpage\",\"url\":\"https:\/\/www.koldodidofek.org.il\/es\/sobre-nosotros\/\",\"name\":\"Sobre Nosotros - ONG KOL DODI DOFEK\",\"isPartOf\":{\"@id\":\"https:\/\/www.koldodidofek.org.il\/es\/#website\"},\"datePublished\":\"2015-07-12T17:20:07+00:00\",\"dateModified\":\"2016-04-12T12:35:18+00:00\",\"inLanguage\":\"es\",\"potentialAction\":[{\"@type\":\"ReadAction\",\"target\":[\"https:\/\/www.koldodidofek.org.il\/es\/sobre-nosotros\/\"]}]}]}<\/script>\n<!-- \/ Yoast SEO plugin. -->","_links":{"self":[{"href":"https:\/\/www.koldodidofek.org.il\/es\/wp-json\/wp\/v2\/pages\/2"}],"collection":[{"href":"https:\/\/www.koldodidofek.org.il\/es\/wp-json\/wp\/v2\/pages"}],"about":[{"href":"https:\/\/www.koldodidofek.org.il\/es\/wp-json\/wp\/v2\/types\/page"}],"author":[{"embeddable":true,"href":"https:\/\/www.koldodidofek.org.il\/es\/wp-json\/wp\/v2\/users\/1"}],"replies":[{"embeddable":true,"href":"https:\/\/www.koldodidofek.org.il\/es\/wp-json\/wp\/v2\/comments?post=2"}],"version-history":[{"count":8,"href":"https:\/\/www.koldodidofek.org.il\/es\/wp-json\/wp\/v2\/pages\/2\/revisions"}],"predecessor-version":[{"id":302,"href":"https:\/\/www.koldodidofek.org.il\/es\/wp-json\/wp\/v2\/pages\/2\/revisions\/302"}],"wp:attachment":[{"href":"https:\/\/www.koldodidofek.org.il\/es\/wp-json\/wp\/v2\/media?parent=2"}],"curies":[{"name":"wp","href":"https:\/\/api.w.org\/{rel}","templated":true}]}}